{"id":99,"date":"2018-11-20T16:29:59","date_gmt":"2018-11-20T15:29:59","guid":{"rendered":"https:\/\/old.monogram.ch\/?page_id=99"},"modified":"2018-12-13T09:21:40","modified_gmt":"2018-12-13T08:21:40","slug":"a-propos","status":"publish","type":"page","link":"https:\/\/old.monogram.ch\/","title":{"rendered":"\u00e0 propos"},"content":{"rendered":"<p>[vc_row css_animation=\u00a0\u00bb\u00a0\u00bb row_type=\u00a0\u00bbrow\u00a0\u00bb use_row_as_full_screen_section=\u00a0\u00bbno\u00a0\u00bb type=\u00a0\u00bbfull_width\u00a0\u00bb angled_section=\u00a0\u00bbno\u00a0\u00bb text_align=\u00a0\u00bbleft\u00a0\u00bb background_image_as_pattern=\u00a0\u00bbwithout_pattern\u00a0\u00bb][vc_column][vc_empty_space][\/vc_column][\/vc_row][vc_row css_animation=\u00a0\u00bb\u00a0\u00bb row_type=\u00a0\u00bbrow\u00a0\u00bb use_row_as_full_screen_section=\u00a0\u00bbno\u00a0\u00bb type=\u00a0\u00bbgrid\u00a0\u00bb angled_section=\u00a0\u00bbno\u00a0\u00bb text_align=\u00a0\u00bbleft\u00a0\u00bb background_image_as_pattern=\u00a0\u00bbwithout_pattern\u00a0\u00bb z_index=\u00a0\u00bb\u00a0\u00bb][vc_column width=\u00a0\u00bb1\/2&Prime;]<div class=\"custom_font_holder\" style=\" font-size: 15px; line-height: 26px; font-style: normal; font-weight: 300; text-decoration: none; text-align: left;\">\n<h1>MONOGRAM<\/h1>\n<h1><a href=\"https:\/\/old.monogram.ch\/portfolio-2\/\" rel=\"noopener\">COMMUNICATION VISUELLE<\/a><\/h1>\n<h1><a href=\"https:\/\/old.monogram.ch\/portfolio-2\/\" rel=\"noopener\">GRAPHISME<\/a><\/h1>\n<h1><a href=\"https:\/\/old.monogram.ch\/portfolio-2\/#portfolio_category_6\">PHOTOGRAPHIE<\/a><\/h1>\n<\/div>[vc_empty_space][vc_column_text]<\/p>\n<h2>direction artistique<\/h2>\n<h2>bla bla\u2026<\/h2>\n<h2>animation<\/h2>\n<h2>site internet<\/h2>\n<p>[\/vc_column_text][vc_empty_space][\/vc_column][vc_column width=\u00a0\u00bb1\/2&Prime;][vc_column_text]<strong>Ce site est en construction mais est mis \u00e0 jour r\u00e9guli\u00e8rement. Aussi, tous les travaux pr\u00e9sent\u00e9s sont des r\u00e9alisations de <em>Stephen Mettler<\/em> fondateur de <em>monogram &#8211; communication visuelle<\/em>.<\/strong><\/p>\n<p>&nbsp;<\/p>\n<p><strong>Quam ob rem id primum videamus, si placet, quatenus amor in amicitia progredi debeat. Numne, si Coriolanus habuit amicos, ferre contra patriam arma illi cum Coriolano debuerunt? num Vecellinum amici regnum adpetentem, num Maelium debuerunt iuvare?<\/strong><\/p>\n<p>&nbsp;<\/p>\n<p><strong>Post quorum necem nihilo <a href=\"https:\/\/old.monogram.ch\/portfolio-2\/\">portfolio<\/a> ferociens Gallus ut leo cadaveribus pastus multa huius modi scrutabatur. quae singula narrare non refert, me professione modum, quod evitandum est, excedamus.<\/strong><\/p>\n<p>&nbsp;<\/p>\n<p><strong>Ego vero sic intellego, Patres conscripti, nos hoc tempore in provinciis decernendis perpetuae pacis habere oportere rationem. Nam quis hoc non sentit omnia alia esse nobis vacua ab omni periculo atque etiam suspicione belli?<\/strong><\/p>\n<p>&nbsp;<\/p>\n<p>&nbsp;<\/p>\n<p><span style=\"font-size: 11pt;\"><em>direction artistique \u2013 communication visuelle \u2013 identit\u00e9 visuelle \u2013 logo \u2013 graphisme \u2013 affiche \u2013 flyer \u2013 brochure \u2013 \u00e9dition \u2013 signal\u00e9tiques \u2013 supports de communication corporative et publicitaire \u2013 packaging\u00a0\u2013 multim\u00e9dias \u2013 animation \u2013 webdesign \u2013 site internet \u2013 suivi de production\u2026<\/em><\/span><\/p>\n<p>&nbsp;<\/p>\n<p>&nbsp;<\/p>\n<p><a href=\"#\" rel=\"noopener\"><strong>MON PARCOURS PROFESSIONEL<\/strong><\/a><br \/>\n<em>monogram<\/em> \u2013 (Gen\u00e8ve) \u2013 2006<br \/>\ndesigner graphique \u00ab\u00a0freelance\u00a0\u00bb pour l&rsquo;<em>OMPI<\/em> \u2013 (Gen\u00e8ve) \u2013 2013-17<br \/>\nco-fondateur du collectif <em>UNIT by Vickyh \u2013<\/em> (Gen\u00e8ve) \u2013 2010-13<br \/>\n\u2026[\/vc_column_text][\/vc_column][\/vc_row]<\/p>\n","protected":false},"excerpt":{"rendered":"<p>[vc_row css_animation=\u00a0\u00bb\u00a0\u00bb row_type=\u00a0\u00bbrow\u00a0\u00bb use_row_as_full_screen_section=\u00a0\u00bbno\u00a0\u00bb type=\u00a0\u00bbfull_width\u00a0\u00bb angled_section=\u00a0\u00bbno\u00a0\u00bb text_align=\u00a0\u00bbleft\u00a0\u00bb background_image_as_pattern=\u00a0\u00bbwithout_pattern\u00a0\u00bb][vc_column][vc_empty_space][\/vc_column][\/vc_row][vc_row css_animation=\u00a0\u00bb\u00a0\u00bb row_type=\u00a0\u00bbrow\u00a0\u00bb use_row_as_full_screen_section=\u00a0\u00bbno\u00a0\u00bb type=\u00a0\u00bbgrid\u00a0\u00bb angled_section=\u00a0\u00bbno\u00a0\u00bb text_align=\u00a0\u00bbleft\u00a0\u00bb background_image_as_pattern=\u00a0\u00bbwithout_pattern\u00a0\u00bb z_index=\u00a0\u00bb\u00a0\u00bb][vc_column width=\u00a0\u00bb1\/2&Prime;][vc_empty_space][vc_column_text] direction artistique bla bla\u2026 animation site internet [\/vc_column_text][vc_empty_space][\/vc_column][vc_column width=\u00a0\u00bb1\/2&Prime;][vc_column_text]Ce site est en construction mais est mis \u00e0 jour r\u00e9guli\u00e8rement. Aussi, tous les travaux pr\u00e9sent\u00e9s sont des r\u00e9alisations de&#8230;<\/p>\n","protected":false},"author":1,"featured_media":0,"parent":0,"menu_order":0,"comment_status":"closed","ping_status":"closed","template":"","meta":[],"yoast_head":"<!-- This site is optimized with the Yoast SEO plugin v15.4 - https:\/\/yoast.com\/wordpress\/plugins\/seo\/ -->\n<meta name=\"robots\" content=\"index, follow, max-snippet:-1, max-image-preview:large, max-video-preview:-1\" \/>\n<link rel=\"canonical\" href=\"https:\/\/old.monogram.ch\/\" \/>\n<meta property=\"og:locale\" content=\"fr_FR\" \/>\n<meta property=\"og:type\" content=\"article\" \/>\n<meta property=\"og:title\" content=\"\u00e0 propos &ndash; monogram - communication visuelle\" \/>\n<meta property=\"og:description\" content=\"[vc_row css_animation=\u00a0\u00bb\u00a0\u00bb row_type=\u00a0\u00bbrow\u00a0\u00bb use_row_as_full_screen_section=\u00a0\u00bbno\u00a0\u00bb type=\u00a0\u00bbfull_width\u00a0\u00bb angled_section=\u00a0\u00bbno\u00a0\u00bb text_align=\u00a0\u00bbleft\u00a0\u00bb background_image_as_pattern=\u00a0\u00bbwithout_pattern\u00a0\u00bb][vc_column][vc_empty_space][\/vc_column][\/vc_row][vc_row css_animation=\u00a0\u00bb\u00a0\u00bb row_type=\u00a0\u00bbrow\u00a0\u00bb use_row_as_full_screen_section=\u00a0\u00bbno\u00a0\u00bb type=\u00a0\u00bbgrid\u00a0\u00bb angled_section=\u00a0\u00bbno\u00a0\u00bb text_align=\u00a0\u00bbleft\u00a0\u00bb background_image_as_pattern=\u00a0\u00bbwithout_pattern\u00a0\u00bb z_index=\u00a0\u00bb\u00a0\u00bb][vc_column width=\u00a0\u00bb1\/2&Prime;][vc_empty_space][vc_column_text] direction artistique bla bla\u2026 animation site internet [\/vc_column_text][vc_empty_space][\/vc_column][vc_column width=\u00a0\u00bb1\/2&Prime;][vc_column_text]Ce site est en construction mais est mis \u00e0 jour r\u00e9guli\u00e8rement. Aussi, tous les travaux pr\u00e9sent\u00e9s sont des r\u00e9alisations de...\" \/>\n<meta property=\"og:url\" content=\"https:\/\/old.monogram.ch\/\" \/>\n<meta property=\"og:site_name\" content=\"monogram - communication visuelle\" \/>\n<meta property=\"article:publisher\" content=\"https:\/\/www.facebook.com\/monogram.studio.net\" \/>\n<meta property=\"article:modified_time\" content=\"2018-12-13T08:21:40+00:00\" \/>\n<meta name=\"twitter:card\" content=\"summary_large_image\" \/>\n<meta name=\"twitter:label1\" content=\"\u00c9crit par\">\n\t<meta name=\"twitter:data1\" content=\"seestm\">\n\t<meta name=\"twitter:label2\" content=\"Dur\u00e9e de lecture est.\">\n\t<meta name=\"twitter:data2\" content=\"1 minute\">\n<script type=\"application\/ld+json\" class=\"yoast-schema-graph\">{\"@context\":\"https:\/\/schema.org\",\"@graph\":[{\"@type\":\"Organization\",\"@id\":\"https:\/\/old.monogram.ch\/#organization\",\"name\":\"monogram - communication visuelle\",\"url\":\"https:\/\/old.monogram.ch\/\",\"sameAs\":[\"https:\/\/www.facebook.com\/monogram.studio.net\"],\"logo\":{\"@type\":\"ImageObject\",\"@id\":\"https:\/\/old.monogram.ch\/#logo\",\"inLanguage\":\"fr-FR\",\"url\":\"https:\/\/old.monogram.ch\/wp-content\/uploads\/2018\/11\/monogram_logo_001.png\",\"width\":344,\"height\":344,\"caption\":\"monogram - communication visuelle\"},\"image\":{\"@id\":\"https:\/\/old.monogram.ch\/#logo\"}},{\"@type\":\"WebSite\",\"@id\":\"https:\/\/old.monogram.ch\/#website\",\"url\":\"https:\/\/old.monogram.ch\/\",\"name\":\"monogram - communication visuelle\",\"description\":\"monogram - communication visuelle - graphisme - photographie - web design\",\"publisher\":{\"@id\":\"https:\/\/old.monogram.ch\/#organization\"},\"potentialAction\":[{\"@type\":\"SearchAction\",\"target\":\"https:\/\/old.monogram.ch\/?s={search_term_string}\",\"query-input\":\"required name=search_term_string\"}],\"inLanguage\":\"fr-FR\"},{\"@type\":\"WebPage\",\"@id\":\"https:\/\/old.monogram.ch\/#webpage\",\"url\":\"https:\/\/old.monogram.ch\/\",\"name\":\"\\u00e0 propos &ndash; monogram - communication visuelle\",\"isPartOf\":{\"@id\":\"https:\/\/old.monogram.ch\/#website\"},\"datePublished\":\"2018-11-20T15:29:59+00:00\",\"dateModified\":\"2018-12-13T08:21:40+00:00\",\"inLanguage\":\"fr-FR\",\"potentialAction\":[{\"@type\":\"ReadAction\",\"target\":[\"https:\/\/old.monogram.ch\/\"]}]}]}<\/script>\n<!-- \/ Yoast SEO plugin. -->","_links":{"self":[{"href":"https:\/\/old.monogram.ch\/index.php?rest_route=\/wp\/v2\/pages\/99"}],"collection":[{"href":"https:\/\/old.monogram.ch\/index.php?rest_route=\/wp\/v2\/pages"}],"about":[{"href":"https:\/\/old.monogram.ch\/index.php?rest_route=\/wp\/v2\/types\/page"}],"author":[{"embeddable":true,"href":"https:\/\/old.monogram.ch\/index.php?rest_route=\/wp\/v2\/users\/1"}],"replies":[{"embeddable":true,"href":"https:\/\/old.monogram.ch\/index.php?rest_route=%2Fwp%2Fv2%2Fcomments&post=99"}],"version-history":[{"count":111,"href":"https:\/\/old.monogram.ch\/index.php?rest_route=\/wp\/v2\/pages\/99\/revisions"}],"predecessor-version":[{"id":241,"href":"https:\/\/old.monogram.ch\/index.php?rest_route=\/wp\/v2\/pages\/99\/revisions\/241"}],"wp:attachment":[{"href":"https:\/\/old.monogram.ch\/index.php?rest_route=%2Fwp%2Fv2%2Fmedia&parent=99"}],"curies":[{"name":"wp","href":"https:\/\/api.w.org\/{rel}","templated":true}]}}